{"id":105,"date":"2013-03-19T10:55:33","date_gmt":"2013-03-19T09:55:33","guid":{"rendered":"http:\/\/www.h-evasion.ch\/?page_id=105"},"modified":"2023-06-19T16:13:57","modified_gmt":"2023-06-19T15:13:57","slug":"presentation-de-lauteur","status":"publish","type":"page","link":"http:\/\/www.h-evasion.ch\/?page_id=105","title":{"rendered":"Pr\u00e9sentation de l&rsquo;auteur"},"content":{"rendered":"<p style=\"text-align: justify;\">Changer de paradigme, telle pourrait \u00eatre la devise qui jalonne mon existence. Certes l&rsquo;int\u00e9gration de ce concept a \u00e9volu\u00e9 avec les ann\u00e9es d\u2019exp\u00e9riences, toutefois le principe de base s&rsquo;identifie au travers de nombreuses exp\u00e9riences.<\/p>\n<p style=\"text-align: justify;\">Sur les pages de ce site, vous trouverez les derni\u00e8res circonstances qui m&rsquo;ont invit\u00e9 \u00e0 poser un autre regard sur les objets de la vie quotidienne. Cependant, ma premi\u00e8re confrontation avec un paradigme se passe alors que j\u2019\u00e9tais encore jeune enfant. En effet, j&rsquo;avais re\u00e7u de mon voisin une vieille pendule avec comme prescription d\u2019en faire ce que je voulais. Elle m\u2019\u00e9tait destin\u00e9e pour&nbsp; que je puisse m&rsquo;amuser. &nbsp;Etant de nature bricoleur et ayant un certain nombre d\u2019outils \u00e0 ma &nbsp;disposition, je me suis donc &nbsp;mis \u00e0 d\u00e9monter l\u2019engin. Cependant mes connaissances en horlogerie \u00e9tant limit\u00e9e je me contentais d\u2019imiter les gestes de mon p\u00e8re sans pour autant en ma\u00eetriser toute la technique. C\u2019est ainsi qu&rsquo;apr\u00e8s quelques tours de tournevis j&rsquo;ai transform\u00e9 mon horloge en v\u00e9ritable ventilateur, en effet les aiguilles se sont mises \u00e0 tourner \u00e0 pleine vitesse jusqu&rsquo;\u00e0 ce que le ressort de la pendule soit compl\u00e8tement d\u00e9tendu, et de nombreuses petites pi\u00e8ces ont vol\u00e9 en \u00e9clat jonchant le sol de part et d\u2019autre.<\/p>\n<p style=\"text-align: justify;\">Malheureusement, cette op\u00e9ration ne fut pas sans cons\u00e9quences car des composants m\u00e9caniques furent ab\u00eem\u00e9es&nbsp;; notamment \u00ab&nbsp;l&rsquo;ancre&nbsp;\u00bb, une des pi\u00e8ces ma\u00eetresses du mouvement. Plut\u00f4t d\u00e9\u00e7u par cette op\u00e9ration navrante, j&rsquo;attendis avec impatience &nbsp;le retour du ma\u00eetre horloger pour lui raconter ma m\u00e9saventure dans l\u2019espoir de recevoir de sa part quelques bons conseils pour r\u00e9parer mon horloge.<\/p>\n<p style=\"text-align: justify;\">C\u2019\u00e9tait sans compter que le diagnostic du professionnel se fonderait sur un paradigme situant le degr\u00e9 de pr\u00e9cision \u00e0 un niveau nettement plus \u00e9lev\u00e9 que le mien. Pour ma part, l\u2019objectif \u00e9tait que cette vieille pendule sans \u00e2me fasse \u00e0 nouveau entendre son \u00ab&nbsp;tic-tac&nbsp;\u00bb familier et que les aiguilles tournent au fil du temps qui s\u2019\u00e9coule. La notion \u00ab&nbsp;d\u2019heure pr\u00e9cise&nbsp;\u00bb \u00e9tant un concept plut\u00f4t vague pour mon \u00e2ge.<\/p>\n<p style=\"text-align: justify;\">Cependant, pour le sp\u00e9cialiste qui \u00ab&nbsp;chatouillait&nbsp;\u00bb le milli\u00e8me de millim\u00e8tre \u00e0 longueur de journ\u00e9e, il \u00e9tait \u00e9vident que les d\u00e9g\u00e2ts occasionn\u00e9s fussent irr\u00e9m\u00e9diables, et le verdict fut sans appel&nbsp;; \u00ab&nbsp;ta pendule, elle est fichue&nbsp;!&nbsp;\u00bb. Aujourd\u2019hui, avec une formation de micro m\u00e9canicien en poche, il me serait difficile de trouver des arguments probants pour contredire l\u2019appr\u00e9ciation de mon p\u00e8re. Toutefois \u00e0 l\u2019\u00e9poque, cette rigueur de la minutie me paraissait aller \u00e0 contre courant de mon projet et de ma d\u00e9termination m\u00eame si ce concept constitue une composante fondamentale du paradigme de la pr\u00e9cision horlog\u00e8re.<\/p>\n<p style=\"text-align: justify;\">Assur\u00e9ment un peu touch\u00e9 dans mon amour propre, j\u2019ai rassembl\u00e9 les pi\u00e8ces \u00e9parpill\u00e9es, les outils \u00e0 ma disposition et quelques \u00e9pingles emprunt\u00e9es \u00e0 ma m\u00e8re ainsi que mes \u00ab&nbsp;talents&nbsp;\u00bb de bricoleurs dans le but de remonter ce mouvement et de le faire fonctionner, ceci malgr\u00e9 la sentence. Ma peine fut r\u00e9compens\u00e9e, l\u2019horloge me fit entendre un \u00ab&nbsp;tic-tac&nbsp;\u00bb certes boiteux mais ma satisfaction fut grande. Cette vaillance me valut une sanction gratifiante du ma\u00eetre horloger m\u00eame si d\u2019un point de vue m\u00e9trologique la pendule ne remplissait plus les crit\u00e8res requis pour \u00eatre consid\u00e9r\u00e9e comme un mouvement de pr\u00e9cision.<\/p>\n<p style=\"text-align: justify;\">Travaillant dans le domaine du social et de la sant\u00e9, cette anecdote vieille de plusieurs d\u00e9cennies influe encore aujourd\u2019hui dans ma pratique d\u2019\u00e9ducateur social. Confront\u00e9 \u00e0 des situations o\u00f9 les \u00e9l\u00e9ments semblent scl\u00e9ros\u00e9s et d\u00e9finitivement ancr\u00e9s &#8211; je ne parle pas de la m\u00eame ancre que tout \u00e0 l\u2019heure, bien que\u2026une petite r\u00e9flexion m\u00e9taphorique permettrait de faire des analogies int\u00e9ressantes entre les <strong><i>mouvements cycliques<\/i><\/strong> de l\u2019ancre tel un balancier parcourant <strong><i>les extr\u00eames<\/i><\/strong> tout en passant par &nbsp;<strong><i>le juste milieu<\/i><\/strong>&nbsp; ou bien encore qu\u2019\u00e0 chaque phase l\u2019ancre&nbsp;<strong><i>lib\u00e8re<\/i><\/strong>&nbsp; la roue d\u2019\u00e9chappement et \u00e0 la longue ce ph\u00e9nom\u00e8ne <strong><i>d\u00e9tend<\/i><\/strong> le ressort, bref autant de termes qui r\u00e9sonnent avec des situations professionnelles concr\u00e8tes &nbsp;&#8211; il m\u2019est difficile de consid\u00e9rer qu\u2019il n\u2019existe pas de solutions alternatives et qu\u2019imp\u00e9rativement il convient de sortir du paradigme ambiant et faire \u0153uvre de \u00ab&nbsp;bri-colage&nbsp;\u00bb avec les \u00e9l\u00e9ments pr\u00e9sents. Form\u00e9 au processus de production du handicap, cette conviction s\u2019est renforc\u00e9e. D\u00e8s lors, mon regard sur l\u2019emploi d\u2019un camping-car par des personnes en situation de mobilit\u00e9 r\u00e9duite ne pouvait plus \u00eatre enferm\u00e9 dans la logique d\u2019une utilisation standard\u2026 c\u2019est ainsi que tout \u00e0 commenc\u00e9.<\/p>\n<p>&nbsp;<\/p>\n<p align=\"right\">Eric Huguenin&nbsp; mai 2013<\/p>\n<p style=\"text-align: justify;\"><\/p>\n\n\n<figure class=\"wp-block-image size-full is-resized\"><a href=\"http:\/\/www.h-evasion.ch\/wp-content\/uploads\/2023\/05\/HEvasion_Logo-deg-RVB.png\"><img loading=\"lazy\" decoding=\"async\" src=\"http:\/\/www.h-evasion.ch\/wp-content\/uploads\/2023\/05\/HEvasion_Logo-deg-RVB.png\" alt=\"\" class=\"wp-image-308\" width=\"122\" height=\"90\"\/><\/a><\/figure>\n","protected":false},"excerpt":{"rendered":"<p>Changer de paradigme, telle pourrait \u00eatre la devise qui jalonne mon existence. Certes l&rsquo;int\u00e9gration de ce concept a \u00e9volu\u00e9 avec les ann\u00e9es d\u2019exp\u00e9riences, toutefois le principe de base s&rsquo;identifie au travers de nombreuses exp\u00e9riences. Sur les pages de ce site, &hellip; <a href=\"http:\/\/www.h-evasion.ch\/?page_id=105\">Continuer la lecture <span class=\"meta-nav\">&rarr;<\/span><\/a><\/p>\n","protected":false},"author":1,"featured_media":0,"parent":0,"menu_order":0,"comment_status":"closed","ping_status":"closed","template":"","meta":{"footnotes":""},"class_list":["post-105","page","type-page","status-publish","hentry"],"_links":{"self":[{"href":"http:\/\/www.h-evasion.ch\/index.php?rest_route=\/wp\/v2\/pages\/105","targetHints":{"allow":["GET"]}}],"collection":[{"href":"http:\/\/www.h-evasion.ch\/index.php?rest_route=\/wp\/v2\/pages"}],"about":[{"href":"http:\/\/www.h-evasion.ch\/index.php?rest_route=\/wp\/v2\/types\/page"}],"author":[{"embeddable":true,"href":"http:\/\/www.h-evasion.ch\/index.php?rest_route=\/wp\/v2\/users\/1"}],"replies":[{"embeddable":true,"href":"http:\/\/www.h-evasion.ch\/index.php?rest_route=%2Fwp%2Fv2%2Fcomments&post=105"}],"version-history":[{"count":15,"href":"http:\/\/www.h-evasion.ch\/index.php?rest_route=\/wp\/v2\/pages\/105\/revisions"}],"predecessor-version":[{"id":349,"href":"http:\/\/www.h-evasion.ch\/index.php?rest_route=\/wp\/v2\/pages\/105\/revisions\/349"}],"wp:attachment":[{"href":"http:\/\/www.h-evasion.ch\/index.php?rest_route=%2Fwp%2Fv2%2Fmedia&parent=105"}],"curies":[{"name":"wp","href":"https:\/\/api.w.org\/{rel}","templated":true}]}}