{"id":85,"date":"2013-03-18T17:38:15","date_gmt":"2013-03-18T16:38:15","guid":{"rendered":"http:\/\/www.h-evasion.ch\/?page_id=85"},"modified":"2023-06-19T16:15:39","modified_gmt":"2023-06-19T15:15:39","slug":"prestations-envisagees","status":"publish","type":"page","link":"http:\/\/www.h-evasion.ch\/?page_id=85","title":{"rendered":"Prestations actuelles"},"content":{"rendered":"<ul>\n<li>Prise en charge et retour \u00e0 domicile d\u2019une ou plusieurs personnes en situation de handicap ou &nbsp;\u00e0 mobilit\u00e9 r\u00e9duite, ceci pour un d\u00e9placement, un court ou moyen s\u00e9jour, selon un itin\u00e9raire de leur choix.<\/li>\n<li>Possibilit\u00e9 de choisir son itin\u00e9raire et les diff\u00e9rentes \u00e9tapes avec l\u2019assurance de pouvoir&nbsp;acc\u00e9der&nbsp;\u00e0 son h\u00e9bergement \u00ab&nbsp;presque n\u2019importe o\u00f9&nbsp;\u00bb.<\/li>\n<li>Acc\u00e8s permanent \u00e0 une infrastructure adapt\u00e9e pour toutes situations de handicap.<\/li>\n<li>Am\u00e9nagement permettant de dispenser des soins de bases.<\/li>\n<li>Lors d\u2019une excursion d\u2019une&nbsp;journ\u00e9e&nbsp;possibilit\u00e9 de prendre un repas sans quitter le v\u00e9hicule.<\/li>\n<li>Permettre \u00e0 une personne devant recevoir des soins r\u00e9guliers d\u2019assister \u00e0 un spectacle \u00e9loign\u00e9 de son domicile.<\/li>\n<li><strong>Sp\u00e9cial COVID&nbsp;<\/strong>Mini excursion avec repas (en partenariat avec un restaurateur qui fournit des plats \u00e0 emporter).<\/li>\n<\/ul>\n<ul>\n<li>Vous avez une autre proposition&#8230;..N&rsquo;h\u00e9sitez pas \u00e0 me contacter<\/li>\n<\/ul>\n\n\n<figure class=\"wp-block-image size-full is-resized\"><a href=\"http:\/\/www.h-evasion.ch\/wp-content\/uploads\/2023\/05\/HEvasion_Logo-deg-RVB.png\"><img loading=\"lazy\" decoding=\"async\" src=\"http:\/\/www.h-evasion.ch\/wp-content\/uploads\/2023\/05\/HEvasion_Logo-deg-RVB.png\" alt=\"\" class=\"wp-image-308\" width=\"123\" height=\"91\"\/><\/a><\/figure>\n","protected":false},"excerpt":{"rendered":"<p>Prise en charge et retour \u00e0 domicile d\u2019une ou plusieurs personnes en situation de handicap ou &nbsp;\u00e0 mobilit\u00e9 r\u00e9duite, ceci pour un d\u00e9placement, un court ou moyen s\u00e9jour, selon un itin\u00e9raire de leur choix. Possibilit\u00e9 de choisir son itin\u00e9raire et &hellip; <a href=\"http:\/\/www.h-evasion.ch\/?page_id=85\">Continuer la lecture <span class=\"meta-nav\">&rarr;<\/span><\/a><\/p>\n","protected":false},"author":1,"featured_media":0,"parent":2,"menu_order":5,"comment_status":"closed","ping_status":"closed","template":"","meta":{"footnotes":""},"class_list":["post-85","page","type-page","status-publish","hentry"],"_links":{"self":[{"href":"http:\/\/www.h-evasion.ch\/index.php?rest_route=\/wp\/v2\/pages\/85","targetHints":{"allow":["GET"]}}],"collection":[{"href":"http:\/\/www.h-evasion.ch\/index.php?rest_route=\/wp\/v2\/pages"}],"about":[{"href":"http:\/\/www.h-evasion.ch\/index.php?rest_route=\/wp\/v2\/types\/page"}],"author":[{"embeddable":true,"href":"http:\/\/www.h-evasion.ch\/index.php?rest_route=\/wp\/v2\/users\/1"}],"replies":[{"embeddable":true,"href":"http:\/\/www.h-evasion.ch\/index.php?rest_route=%2Fwp%2Fv2%2Fcomments&post=85"}],"version-history":[{"count":9,"href":"http:\/\/www.h-evasion.ch\/index.php?rest_route=\/wp\/v2\/pages\/85\/revisions"}],"predecessor-version":[{"id":352,"href":"http:\/\/www.h-evasion.ch\/index.php?rest_route=\/wp\/v2\/pages\/85\/revisions\/352"}],"up":[{"embeddable":true,"href":"http:\/\/www.h-evasion.ch\/index.php?rest_route=\/wp\/v2\/pages\/2"}],"wp:attachment":[{"href":"http:\/\/www.h-evasion.ch\/index.php?rest_route=%2Fwp%2Fv2%2Fmedia&parent=85"}],"curies":[{"name":"wp","href":"https:\/\/api.w.org\/{rel}","templated":true}]}}