{"id":195,"date":"2022-01-10T22:26:20","date_gmt":"2022-01-10T21:26:20","guid":{"rendered":"https:\/\/www.h-evasion.ch\/?page_id=195"},"modified":"2023-06-19T16:12:56","modified_gmt":"2023-06-19T15:12:56","slug":"nous-avons-visiter","status":"publish","type":"page","link":"https:\/\/www.h-evasion.ch\/?page_id=195","title":{"rendered":"Nous avons visit\u00e9"},"content":{"rendered":"\n<div class=\"wp-block-group alignwide\"><div class=\"wp-block-group__inner-container is-layout-flow wp-block-group-is-layout-flow\">\n<div class=\"wp-block-columns alignwide is-layout-flex wp-container-core-columns-is-layout-9d6595d7 wp-block-columns-is-layout-flex\">\n<div class=\"wp-block-column is-layout-flow wp-block-column-is-layout-flow\" style=\"flex-basis:50%\">\n<figure class=\"wp-block-image size-large is-resized\"><a href=\"https:\/\/www.h-evasion.ch\/wp-content\/uploads\/2021\/12\/2021_06_06_11_36_05_348.jpg\"><img loading=\"lazy\" decoding=\"async\" src=\"https:\/\/www.h-evasion.ch\/wp-content\/uploads\/2021\/12\/2021_06_06_11_36_05_348-576x1024.jpg\" alt=\"\" class=\"wp-image-200\" width=\"288\" height=\"499\"\/><\/a><\/figure>\n<\/div>\n\n\n\n<div class=\"wp-block-column is-vertically-aligned-center is-layout-flow wp-block-column-is-layout-flow\" style=\"flex-basis:50%\">\n<p class=\"has-text-align-left has-large-font-size\">En 2021<\/p>\n\n\n\n<figure class=\"wp-block-video\"><video height=\"2160\" style=\"aspect-ratio: 3840 \/ 2160;\" width=\"3840\" controls src=\"https:\/\/www.h-evasion.ch\/wp-content\/uploads\/2022\/01\/RetroNet2021.mp4\"><\/video><\/figure>\n<\/div>\n<\/div>\n<\/div><\/div>\n\n\n\n<p><strong>Depuis le d\u00e9but de l&rsquo;aventure nous avons visit\u00e9<\/strong><\/p>\n\n\n\n<ul class=\"wp-block-list\">\n<li>Le March\u00e9 de No\u00ebl de Colmar (2 jours)<\/li>\n\n\n\n<li>Le Camping d&rsquo;Yvonand et le sentier handicap et nature (2 jours)<\/li>\n\n\n\n<li>Le Lac de Remoray et Excursion en train \u00e0 vapeur avec le Coni&rsquo;Fer (1 jour)<\/li>\n\n\n\n<li>Lucerne et Le Rigi avec excursion en train \u00e0 cr\u00e9maill\u00e8re et bateau vapeur (3 jours)<\/li>\n\n\n\n<li>Pic nique \u00e0 Oulens 1(\/2 journ\u00e9e)<\/li>\n\n\n\n<li>Les Franches Montagnes et excursion en train vapeur avec la Traction puis repas au restaurant Fribourg &#8211; St-Louis de Portalban (1 jour)<\/li>\n<\/ul>\n\n\n\n<figure class=\"wp-block-image size-full is-resized\"><a href=\"http:\/\/www.h-evasion.ch\/wp-content\/uploads\/2023\/05\/HEvasion_Logo-deg-RVB.png\"><img loading=\"lazy\" decoding=\"async\" src=\"http:\/\/www.h-evasion.ch\/wp-content\/uploads\/2023\/05\/HEvasion_Logo-deg-RVB.png\" alt=\"\" class=\"wp-image-308\" width=\"106\" height=\"79\"\/><\/a><\/figure>\n","protected":false},"excerpt":{"rendered":"<p>En 2021 Depuis le d\u00e9but de l&rsquo;aventure nous avons visit\u00e9<\/p>\n","protected":false},"author":1,"featured_media":0,"parent":0,"menu_order":0,"comment_status":"closed","ping_status":"closed","template":"","meta":{"footnotes":""},"class_list":["post-195","page","type-page","status-publish","hentry"],"_links":{"self":[{"href":"https:\/\/www.h-evasion.ch\/index.php?rest_route=\/wp\/v2\/pages\/195","targetHints":{"allow":["GET"]}}],"collection":[{"href":"https:\/\/www.h-evasion.ch\/index.php?rest_route=\/wp\/v2\/pages"}],"about":[{"href":"https:\/\/www.h-evasion.ch\/index.php?rest_route=\/wp\/v2\/types\/page"}],"author":[{"embeddable":true,"href":"https:\/\/www.h-evasion.ch\/index.php?rest_route=\/wp\/v2\/users\/1"}],"replies":[{"embeddable":true,"href":"https:\/\/www.h-evasion.ch\/index.php?rest_route=%2Fwp%2Fv2%2Fcomments&post=195"}],"version-history":[{"count":12,"href":"https:\/\/www.h-evasion.ch\/index.php?rest_route=\/wp\/v2\/pages\/195\/revisions"}],"predecessor-version":[{"id":347,"href":"https:\/\/www.h-evasion.ch\/index.php?rest_route=\/wp\/v2\/pages\/195\/revisions\/347"}],"wp:attachment":[{"href":"https:\/\/www.h-evasion.ch\/index.php?rest_route=%2Fwp%2Fv2%2Fmedia&parent=195"}],"curies":[{"name":"wp","href":"https:\/\/api.w.org\/{rel}","templated":true}]}}